{"id":44,"date":"2025-12-13T07:41:17","date_gmt":"2025-12-13T07:41:17","guid":{"rendered":"https:\/\/www.savustamo.fi\/?page_id=44"},"modified":"2026-04-06T11:13:59","modified_gmt":"2026-04-06T11:13:59","slug":"silverstorm","status":"publish","type":"page","link":"https:\/\/www.savustamo.fi\/","title":{"rendered":"A paradox of sine"},"content":{"rendered":"\n<p>Savustamo on kokeellinen \u00e4\u00e4ni- ja musiikkiprojekti, v\u00e4lill\u00e4 deeppii\u00e4 v\u00e4liill\u00e4 ei.<br><\/p>\n\n\n\n<figure class=\"wp-block-gallery has-nested-images columns-default is-cropped wp-block-gallery-1 is-layout-flex wp-block-gallery-is-layout-flex\">\n<figure class=\"wp-block-image size-full\"><img loading=\"lazy\" decoding=\"async\" width=\"736\" height=\"920\" data-id=\"431\" src=\"https:\/\/www.savustamo.fi\/wp-content\/uploads\/2026\/04\/572112030_855620766796126_2558563861825683809_n.jpg\" alt=\"\" class=\"wp-image-431\" srcset=\"https:\/\/www.savustamo.fi\/wp-content\/uploads\/2026\/04\/572112030_855620766796126_2558563861825683809_n.jpg 736w, https:\/\/www.savustamo.fi\/wp-content\/uploads\/2026\/04\/572112030_855620766796126_2558563861825683809_n-240x300.jpg 240w\" sizes=\"auto, (max-width: 736px) 100vw, 736px\" \/><\/figure>\n<\/figure>\n\n\n\n<style>\n.masonry {\n  display: grid;\n  grid-template-columns: repeat(auto-fit, minmax(200px, 1fr));\n  grid-auto-rows: 8px;\n  gap:8px;\n}\n.masonry img {\n  width:100%;\n  display:block;\n  border-radius:6px;\n}\n<\/style>\n","protected":false},"excerpt":{"rendered":"<p>Savustamo on kokeellinen \u00e4\u00e4ni- ja musiikkiprojekti, v\u00e4lill\u00e4 deeppii\u00e4 v\u00e4liill\u00e4 ei.<\/p>\n","protected":false},"author":1,"featured_media":122,"parent":0,"menu_order":0,"comment_status":"closed","ping_status":"closed","template":"","meta":{"footnotes":""},"class_list":["post-44","page","type-page","status-publish","has-post-thumbnail","hentry"],"_links":{"self":[{"href":"https:\/\/www.savustamo.fi\/index.php?rest_route=\/wp\/v2\/pages\/44","targetHints":{"allow":["GET"]}}],"collection":[{"href":"https:\/\/www.savustamo.fi\/index.php?rest_route=\/wp\/v2\/pages"}],"about":[{"href":"https:\/\/www.savustamo.fi\/index.php?rest_route=\/wp\/v2\/types\/page"}],"author":[{"embeddable":true,"href":"https:\/\/www.savustamo.fi\/index.php?rest_route=\/wp\/v2\/users\/1"}],"replies":[{"embeddable":true,"href":"https:\/\/www.savustamo.fi\/index.php?rest_route=%2Fwp%2Fv2%2Fcomments&post=44"}],"version-history":[{"count":33,"href":"https:\/\/www.savustamo.fi\/index.php?rest_route=\/wp\/v2\/pages\/44\/revisions"}],"predecessor-version":[{"id":432,"href":"https:\/\/www.savustamo.fi\/index.php?rest_route=\/wp\/v2\/pages\/44\/revisions\/432"}],"wp:featuredmedia":[{"embeddable":true,"href":"https:\/\/www.savustamo.fi\/index.php?rest_route=\/wp\/v2\/media\/122"}],"wp:attachment":[{"href":"https:\/\/www.savustamo.fi\/index.php?rest_route=%2Fwp%2Fv2%2Fmedia&parent=44"}],"curies":[{"name":"wp","href":"https:\/\/api.w.org\/{rel}","templated":true}]}}