{"id":170,"date":"2025-12-13T15:43:01","date_gmt":"2025-12-13T15:43:01","guid":{"rendered":"https:\/\/www.savustamo.fi\/?page_id=170"},"modified":"2025-12-13T17:03:41","modified_gmt":"2025-12-13T17:03:41","slug":"chat","status":"publish","type":"page","link":"https:\/\/www.savustamo.fi\/?page_id=170","title":{"rendered":"Chat"},"content":{"rendered":"<div id=\"simple-ajax-chat\"><div id=\"sac-content\"><\/div><div id=\"sac-output\"><div id=\"sac-latest-message\"><span>Latest Message:<\/span> <em id=\"responseTime\">2 months ago<\/em><\/div>\n<ul id=\"sac-messages\">\n<li class=\"sac-chat-message sac-static sac-user-tumputrakkuloil\" data-time=\"2026-02-20,19:45:18\">\n<span class=\"sac-chat-name\" title=\"Posted 2 months ago\">tumput_rakkuloil : <\/span>  L\u00f6ytyyks kelt\u00e4\u00e4 vaseliinii? V\u00e4h\u00e4 viel kutittais mut ei k\u00e4det meinaa kest\u00e4\u00e4..<\/li>\n<li class=\"sac-chat-message sac-static sac-user-guest3009\" data-time=\"2026-02-20,19:43:12\">\n<span class=\"sac-chat-name\" title=\"Posted 2 months ago\">guest_3009 : <\/span>  huh, saan joka viestille oman guest nickin<\/li>\n<li class=\"sac-chat-message sac-static sac-user-guest124\" data-time=\"2026-02-20,19:42:24\">\n<span class=\"sac-chat-name\" title=\"Posted 2 months ago\">guest_124 : <\/span>  Tiutau<\/li>\n<li class=\"sac-chat-message sac-static sac-user-guest5065\" data-time=\"2026-02-20,19:41:36\">\n<span class=\"sac-chat-name\" title=\"Posted 2 months ago\">guest_5065 : <\/span>  Mit\u00e4 n\u00e4ist pit\u00e4s nyt oikee painaa et kuuluis jotai? Live ja ninja ei skulaa, pit\u00e4isk\u00f6 skulaa?<\/li>\n<li class=\"sac-chat-message sac-static sac-user-Ryllirane\" data-time=\"2026-01-31,12:52:40\">\n<span class=\"sac-chat-name\" title=\"Posted 2 months, 2 weeks ago\">Ryllirane : <\/span>  Se vois olla deepi\u00e4 tai deeppi\u00e4 mielummin kuin deeppii\u00e4<\/li>\n<li class=\"sac-chat-message sac-static sac-user-Savustamo\" data-time=\"2026-01-11,16:51:27\">\n<span class=\"sac-chat-name\" title=\"Posted 3 months, 1 week ago\">Savustamo : <\/span>  eeee<\/li>\n<li class=\"sac-chat-message sac-static sac-user-Savustamo\" data-time=\"2026-01-11,16:51:13\">\n<span class=\"sac-chat-name\" title=\"Posted 3 months, 1 week ago\">Savustamo : <\/span>  eee<\/li>\n<li class=\"sac-chat-message sac-static sac-user-guest7846\" data-time=\"2026-01-09,18:37:58\">\n<span class=\"sac-chat-name\" title=\"Posted 3 months, 1 week ago\">guest_7846 : <\/span>  T:make<\/li>\n<li class=\"sac-chat-message sac-static sac-user-guest8237\" data-time=\"2026-01-09,18:37:26\">\n<span class=\"sac-chat-name\" title=\"Posted 3 months, 1 week ago\">guest_8237 : <\/span>  K\u00e4tkee musa kun painaa chatin p\u00e4\u00e4lle<\/li>\n<li class=\"sac-chat-message sac-static sac-user-Savustamo\" data-time=\"2025-12-13,17:46:22\">\n<span class=\"sac-chat-name\" title=\"Posted 4 months, 1 week ago\">Savustamo : <\/span>  t\u00e4\u00e4 l\u00e4hti skulaa<\/li>\n<\/ul>\n<\/div>\t\t\n\t\t<div id=\"sac-panel\">\n\t\t\t<form id=\"sac-form\" method=\"post\" action=\"https:\/\/www.savustamo.fi\/wp-content\/plugins\/simple-ajax-chat\/simple-ajax-chat-core.php\">\n\t\t\t\t\n\t\t\t\t\t\t\t\t\n\t\t\t\t<fieldset id=\"sac-user-info\">\n\t\t\t\t\t<label for=\"sac_name\">Name<\/label> \n\t\t\t\t\t<input type=\"text\" name=\"sac_name\" id=\"sac_name\" value=\"\" placeholder=\"Name\" \/>\n\t\t\t\t<\/fieldset>\n\t\t\t\t\n\t\t\t\t\t\t\t\t\n\t\t\t\t<fieldset id=\"sac-user-chat\">\n\t\t\t\t\t<label for=\"sac_chat\">Message<\/label> \n\t\t\t\t\t\t\t\t\t\t\n\t\t\t\t\t<textarea name=\"sac_chat\" id=\"sac_chat\" rows=\"5\" cols=\"50\"  onkeypress=\"if (typeof pressedEnter == 'function') return pressedEnter(this,event);\" placeholder=\"Message\"><\/textarea>\n\t\t\t\t\t\t\t\t\t\t\n\t\t\t\t<\/fieldset>\n\t\t\t\t\n\t\t\t\t<fieldset id=\"sac_verify\" style=\"display:none;height:0;width:0;\">\n\t\t\t\t\t<label for=\"sac_verify\">Human verification: leave this field empty.<\/label>\n\t\t\t\t\t<input name=\"sac_verify\" type=\"text\" size=\"33\" maxlength=\"99\" value=\"\" \/>\n\t\t\t\t<\/fieldset>\n\t\t\t\t\n\t\t\t\t<div id=\"sac-user-submit\">\n\t\t\t\t\t<div class=\"sac_js_nonce\"><\/div>\n\t\t\t\t\t<input type=\"submit\" id=\"submitchat\" name=\"submit\" class=\"submit\" value=\"Submit\" \/>\n\t\t\t\t\t<input type=\"hidden\" id=\"sac_lastID\" value=\"15\" name=\"sac_lastID\" \/>\n\t\t\t\t\t<input type=\"hidden\" name=\"sac_no_js\" value=\"true\" \/>\n\t\t\t\t\t<input type=\"hidden\" name=\"PHPSESSID\" value=\"n5k7395q9o9prbudbfvnifurk7\" \/>\n\t\t\t\t\t<input type=\"hidden\" id=\"sac_nonce\" name=\"sac_nonce\" value=\"b72d4b418d\" \/>\t\t\t\t\t\n\t\t\t\t<\/div>\n\t\t\t<\/form>\n\t\t\t<script>(function(){var e = document.getElementById(\"sac_verify\");e.parentNode.removeChild(e);})();<\/script>\n\t\t\t<!-- Simple Ajax Chat @ https:\/\/perishablepress.com\/simple-ajax-chat\/ -->\n\t\t<\/div>\n\t\t\n\t\t\t\t\t\n\t\t\t<audio id=\"TheBox\">\n\t\t\t\t<source src=\"https:\/\/www.savustamo.fi\/wp-content\/plugins\/simple-ajax-chat\/resources\/audio\/msg.mp3\"><\/source>\n\t\t\t\t<source src=\"https:\/\/www.savustamo.fi\/wp-content\/plugins\/simple-ajax-chat\/resources\/audio\/msg.ogg\"><\/source>\n\t\t\t\t<!-- your browser does not support audio -->\n\t\t\t<\/audio>\n\t\t\t\n\t\t<\/div><style type=\"text\/css\">\/* === Simple Ajax Chat \u2013 tyyli === *\/\r\n\r\ndiv#simple-ajax-chat {\r\n    width: 100%;\r\n    overflow: hidden;\r\n    margin: 0 0 20px 0;\r\n    font-family: Arial, Helvetica, sans-serif;\r\n    color: #555;\r\n}\r\n\r\n\/* Piilotettu sis\u00e4lt\u00f6 *\/\r\ndiv#sac-content {\r\n    display: none;\r\n}\r\n\r\n\/* Viestialue *\/\r\ndiv#sac-output {\r\n    float: left;\r\n    width: 58%;\r\n    height: 350px;\r\n    overflow: auto;\r\n    border: 1px solid #d1d1d1;\r\n    background-color: #fafafa;\r\n    color: #444;\r\n}\r\n\r\ndiv#sac-output.sac-reg-req {\r\n    float: none;\r\n    width: 100%;\r\n    height: auto;\r\n    border: 0;\r\n}\r\n\r\n\/* Uusin viesti *\/\r\ndiv#sac-latest-message {\r\n    padding: 5px 10px;\r\n    font-size: 14px;\r\n    background-color: #e1e1e1;\r\n    color: #444;\r\n    text-shadow: 1px 1px 1px rgba(255,255,255,0.6);\r\n}\r\n\r\n\/* Viestilista *\/\r\nul#sac-messages {\r\n    margin: 10px 0;\r\n    padding: 0;\r\n    font-size: 14px;\r\n    line-height: 20px;\r\n    list-style: none;\r\n}\r\n\r\nul#sac-messages li {\r\n    padding: 6px 10px;\r\n    border-bottom: 1px solid #eee;\r\n}\r\n\r\nul#sac-messages li span {\r\n    font-weight: bold;\r\n    color: #333;\r\n}\r\n\r\n\/* Oikea paneeli *\/\r\ndiv#sac-panel {\r\n    float: right;\r\n    width: 38%;\r\n}\r\n\r\n\/* Lomake *\/\r\nform#sac-form fieldset {\r\n    margin: 0 0 5px 0;\r\n    padding: 0;\r\n    border: 0;\r\n}\r\n\r\n\/* Labelit ja kent\u00e4t *\/\r\nform#sac-form label,\r\nform#sac-form input,\r\nform#sac-form textarea {\r\n    float: left;\r\n    clear: both;\r\n    width: 94%;\r\n    margin: 0 0 6px 0;\r\n    font-size: 14px;\r\n}\r\n\r\n\/* INPUT & TEXTAREA \u2013 korjaa mustan tekstin *\/\r\nform#sac-form input,\r\nform#sac-form textarea {\r\n    color: #555;\r\n    background-color: #fff;\r\n    border: 1px solid #ccc;\r\n    padding: 6px;\r\n    box-sizing: border-box;\r\n}\r\n\r\n\/* Tekstialue *\/\r\nform#sac-form textarea {\r\n    height: 133px;\r\n    resize: vertical;\r\n}\r\n\r\n\/* Focus-tila *\/\r\nform#sac-form input:focus,\r\nform#sac-form textarea:focus {\r\n    outline: none;\r\n    border-color: #999;\r\n    background-color: #fdfdfd;\r\n}\r\n\r\n\/* Placeholder-teksti *\/\r\nform#sac-form input::placeholder,\r\nform#sac-form textarea::placeholder {\r\n    color: #999;\r\n}\r\n\r\n\/* L\u00e4hetysnappi *\/\r\nform#sac-form input[type=\"submit\"] {\r\n    width: auto;\r\n    padding: 8px 16px;\r\n    background-color: #e5e5e5;\r\n    border: 1px solid #bbb;\r\n    color: #333;\r\n    cursor: pointer;\r\n}\r\n\r\nform#sac-form input[type=\"submit\"]:hover {\r\n    background-color: #d5d5d5;\r\n}\r\n\r\n\/* Tooltip *\/\r\n.tooltip {\r\n    border: 0;\r\n    text-shadow: none;\r\n}<\/style>\n\n\n\n<script>\ndocument.addEventListener(\"DOMContentLoaded\", function () {\n\n    const nameLabel = document.querySelector('label[for=\"sac-name\"]');\n    const messageLabel = document.querySelector('label[for=\"sac-message\"]');\n    const submitBtn = document.querySelector('#sac-form input[type=\"submit\"]');\n\n    if (nameLabel) nameLabel.textContent = \"Nimi\";\n    if (messageLabel) messageLabel.textContent = \"Viesti\";\n    if (submitBtn) submitBtn.value = \"L\u00e4het\u00e4\";\n\n});\n<\/script>\n\n","protected":false},"excerpt":{"rendered":"","protected":false},"author":1,"featured_media":0,"parent":0,"menu_order":0,"comment_status":"closed","ping_status":"closed","template":"","meta":{"footnotes":""},"class_list":["post-170","page","type-page","status-publish","hentry"],"_links":{"self":[{"href":"https:\/\/www.savustamo.fi\/index.php?rest_route=\/wp\/v2\/pages\/170","targetHints":{"allow":["GET"]}}],"collection":[{"href":"https:\/\/www.savustamo.fi\/index.php?rest_route=\/wp\/v2\/pages"}],"about":[{"href":"https:\/\/www.savustamo.fi\/index.php?rest_route=\/wp\/v2\/types\/page"}],"author":[{"embeddable":true,"href":"https:\/\/www.savustamo.fi\/index.php?rest_route=\/wp\/v2\/users\/1"}],"replies":[{"embeddable":true,"href":"https:\/\/www.savustamo.fi\/index.php?rest_route=%2Fwp%2Fv2%2Fcomments&post=170"}],"version-history":[{"count":0,"href":"https:\/\/www.savustamo.fi\/index.php?rest_route=\/wp\/v2\/pages\/170\/revisions"}],"wp:attachment":[{"href":"https:\/\/www.savustamo.fi\/index.php?rest_route=%2Fwp%2Fv2%2Fmedia&parent=170"}],"curies":[{"name":"wp","href":"https:\/\/api.w.org\/{rel}","templated":true}]}}